{"id":27637,"date":"2021-12-04T17:18:01","date_gmt":"2021-12-04T15:18:01","guid":{"rendered":"https:\/\/otttanak.com\/home\/"},"modified":"2026-01-06T17:03:54","modified_gmt":"2026-01-06T15:03:54","slug":"home","status":"publish","type":"page","link":"https:\/\/otttanak.com\/en\/","title":{"rendered":"Home"},"content":{"rendered":"\t\t<div data-elementor-type=\"wp-page\" data-elementor-id=\"27637\" class=\"elementor elementor-27637 elementor-27508\" data-elementor-post-type=\"page\">\n\t\t\t\t\t\t<section class=\"elementor-section elementor-top-section elementor-element elementor-element-26000569 elementor-section-content-middle elementor-section-boxed elementor-section-height-default elementor-section-height-default elementor-invisible\" data-id=\"26000569\" data-element_type=\"section\" data-e-type=\"section\" data-settings=\"{&quot;background_background&quot;:&quot;classic&quot;,&quot;shape_divider_bottom&quot;:&quot;opacity-tilt&quot;,&quot;animation&quot;:&quot;fadeIn&quot;}\">\n\t\t\t\t\t\t\t<div class=\"elementor-background-overlay\"><\/div>\n\t\t\t\t\t\t<div class=\"elementor-shape elementor-shape-bottom\" aria-hidden=\"true\" data-negative=\"false\">\n\t\t\t<svg xmlns=\"http:\/\/www.w3.org\/2000\/svg\" viewBox=\"0 0 2600 131.1\" preserveAspectRatio=\"none\">\n\t<path class=\"elementor-shape-fill\" d=\"M0 0L2600 0 2600 69.1 0 0z\"\/>\n\t<path class=\"elementor-shape-fill\" style=\"opacity:0.5\" d=\"M0 0L2600 0 2600 69.1 0 69.1z\"\/>\n\t<path class=\"elementor-shape-fill\" style=\"opacity:0.25\" d=\"M2600 0L0 0 0 130.1 2600 69.1z\"\/>\n<\/svg>\t\t<\/div>\n\t\t\t\t\t<div class=\"elementor-container elementor-column-gap-no\">\n\t\t\t\t\t<div class=\"elementor-column elementor-col-100 elementor-top-column elementor-element elementor-element-5c6167a\" data-id=\"5c6167a\" data-element_type=\"column\" data-e-type=\"column\">\n\t\t\t<div class=\"elementor-widget-wrap\">\n\t\t\t\t\t\t\t<\/div>\n\t\t<\/div>\n\t\t\t\t\t<\/div>\n\t\t<\/section>\n\t\t\t\t<section class=\"elementor-section elementor-top-section elementor-element elementor-element-1b10767 elementor-section-boxed elementor-section-height-default elementor-section-height-default\" data-id=\"1b10767\" data-element_type=\"section\" data-e-type=\"section\" data-settings=\"{&quot;background_background&quot;:&quot;classic&quot;}\">\n\t\t\t\t\t\t<div class=\"elementor-container elementor-column-gap-default\">\n\t\t\t\t\t<div class=\"elementor-column elementor-col-100 elementor-top-column elementor-element elementor-element-b0863a6\" data-id=\"b0863a6\" data-element_type=\"column\" data-e-type=\"column\">\n\t\t\t<div class=\"elementor-widget-wrap elementor-element-populated\">\n\t\t\t\t\t\t<div class=\"elementor-element elementor-element-725f169 elementor-widget elementor-widget-heading\" data-id=\"725f169\" data-element_type=\"widget\" data-e-type=\"widget\" data-widget_type=\"heading.default\">\n\t\t\t\t<div class=\"elementor-widget-container\">\n\t\t\t\t\t<h2 class=\"elementor-heading-title elementor-size-default\">FAN MERCHANDISE<\/h2>\t\t\t\t<\/div>\n\t\t\t\t<\/div>\n\t\t\t\t<div class=\"elementor-element elementor-element-0f84208 elementor-widget elementor-widget-shop-slider\" data-id=\"0f84208\" data-element_type=\"widget\" data-e-type=\"widget\" data-settings=\"{&quot;navigation&quot;:&quot;none&quot;,&quot;slides_show&quot;:3,&quot;slides_show_tablet&quot;:3,&quot;animation_speed&quot;:300,&quot;autoplay&quot;:&quot;yes&quot;,&quot;autoplay_speed&quot;:3000,&quot;infinite_loop&quot;:true,&quot;slides_show_mobile&quot;:1}\" data-widget_type=\"shop-slider.default\">\n\t\t\t\t<div class=\"elementor-widget-container\">\n\t\t\t\t\t\t\t\n\t\t<div class=\"wl-shop wl-shop-slider\" data-settings=\"a:0:{}\">\n\t\t\n<div class=\"wl-ssl-product-style\">\n\t\t<div class=\"cx-container\">\n\t\t<div class=\"wl-ssl-slider wl-ssl-slick-0f84208\">\n\n\t\t\t\t\t\t\t\t\t<div class=\"wl-ssl-single-product product wl-ssl-left\">\n\t\t\t\t\t\t\t\t\t\t\t\t\t\t\t<div class=\"wl-ssl-single-widget\">\n\n\t\t\t\t\t\t\t\n\t\t\t\t\t\t\t\t<div class=\"wl-ssl-product-img\">\n\n\t\t\t\t\t\t\t\t\t\t\t\t\t\t\t\t\t\t\t<a href=\"https:\/\/otttanak.com\/en\/product\/men-t-shirt-2024\/\">\n\t\t\t\t\t\t\t\t\t\t\t<img decoding=\"async\" src=\"https:\/\/otttanak.com\/wp-content\/uploads\/2024\/03\/OT_T-shirt-2024_FRONT_V2-1024x1024.jpg\" alt=\"Men T-shirt 2024\"\/>                              \n\t\t\t\t\t\t\t\t\t\t<\/a>\n\t\t\t\t\t\t\t\t\t\n\t\t\t\t\t\t\t\t<\/div>\n\n\t\t\t\t\t\t\t\t\n\t\t\t\t\t\t\t\t<div class=\"wl-ssl-product-details\">\n\n\t\t\t\t\t\t\t\t\t\n\t\t\t\t\t\t\t\t\t<div class=\"wl-ssl-product-info\">\n\n\t\t\t\t\t\t\t\t\t\t\t\t\t\t\t\t\t\t\t\t\t<div class=\"wl-ssl-product-name\"><a class=\"wl-gradient-heading\" href=\"https:\/\/otttanak.com\/en\/product\/men-t-shirt-2024\/\">Men T-shirt 2024<\/a><\/div>\n\t\t\t\t\t\t\t\t\t\t\n\t\t\t\t\t\t\t\t\t\t\n\t\t\t\t\t\t\t\t\t<\/div>\n\t\t\t\t\t\t\t\t\t\t\t\t\t\t\t\t\t\t<div class=\"wl-ssl-info-icons\">\n\t\t\t\t\t\t\t\t\t\t<div class=\"wl-ssl-price\">\n\t\t\t\t\t\t\t\t\t\t\t<h2 class=\"price\"><span class=\"woocommerce-Price-amount amount\">25.00&nbsp;<span class=\"woocommerce-Price-currencySymbol\">&euro;<\/span><\/span><\/h2>\n\t\t\t\t\t\t\t\t\t\t<\/div>\n\n\t\t\t\t\t\t\t\t\t\t\t\t\t\t\t\t\t\t\t<\/div>\n\t\t\t\t\t\t\t\t<\/div>\n\t\t\t\t\t\t\t\t<\/div>\n\t\t\t\t\t\t\t\t\t\t\t\t\t<\/div>\n\n\t\t\t\t\t\t\t\t\t\t\t<div class=\"wl-ssl-single-product product wl-ssl-left\">\n\t\t\t\t\t\t\t\t\t\t\t\t\t\t\t<div class=\"wl-ssl-single-widget\">\n\n\t\t\t\t\t\t\t\n\t\t\t\t\t\t\t\t<div class=\"wl-ssl-product-img\">\n\n\t\t\t\t\t\t\t\t\t\t\t\t\t\t\t\t\t\t\t<a href=\"https:\/\/otttanak.com\/en\/product\/women-t-shirt-2024\/\">\n\t\t\t\t\t\t\t\t\t\t\t<img decoding=\"async\" src=\"https:\/\/otttanak.com\/wp-content\/uploads\/2024\/03\/OT_T-shirt-2024_FRONT_V2-1024x1024.jpg\" alt=\"Women T-shirt 2024\"\/>                              \n\t\t\t\t\t\t\t\t\t\t<\/a>\n\t\t\t\t\t\t\t\t\t\n\t\t\t\t\t\t\t\t<\/div>\n\n\t\t\t\t\t\t\t\t\n\t\t\t\t\t\t\t\t<div class=\"wl-ssl-product-details\">\n\n\t\t\t\t\t\t\t\t\t\n\t\t\t\t\t\t\t\t\t<div class=\"wl-ssl-product-info\">\n\n\t\t\t\t\t\t\t\t\t\t\t\t\t\t\t\t\t\t\t\t\t<div class=\"wl-ssl-product-name\"><a class=\"wl-gradient-heading\" href=\"https:\/\/otttanak.com\/en\/product\/women-t-shirt-2024\/\">Women T-shirt 2024<\/a><\/div>\n\t\t\t\t\t\t\t\t\t\t\n\t\t\t\t\t\t\t\t\t\t\n\t\t\t\t\t\t\t\t\t<\/div>\n\t\t\t\t\t\t\t\t\t\t\t\t\t\t\t\t\t\t<div class=\"wl-ssl-info-icons\">\n\t\t\t\t\t\t\t\t\t\t<div class=\"wl-ssl-price\">\n\t\t\t\t\t\t\t\t\t\t\t<h2 class=\"price\"><span class=\"woocommerce-Price-amount amount\">25.00&nbsp;<span class=\"woocommerce-Price-currencySymbol\">&euro;<\/span><\/span><\/h2>\n\t\t\t\t\t\t\t\t\t\t<\/div>\n\n\t\t\t\t\t\t\t\t\t\t\t\t\t\t\t\t\t\t\t<\/div>\n\t\t\t\t\t\t\t\t<\/div>\n\t\t\t\t\t\t\t\t<\/div>\n\t\t\t\t\t\t\t\t\t\t\t\t\t<\/div>\n\n\t\t\t\t\t\t\t\t\t\t\t<div class=\"wl-ssl-single-product product wl-ssl-left\">\n\t\t\t\t\t\t\t\t\t\t\t\t\t\t\t<div class=\"wl-ssl-single-widget\">\n\n\t\t\t\t\t\t\t\n\t\t\t\t\t\t\t\t<div class=\"wl-ssl-product-img\">\n\n\t\t\t\t\t\t\t\t\t\t\t\t\t\t\t\t\t\t\t<a href=\"https:\/\/otttanak.com\/en\/product\/children-t-shirt-2024\/\">\n\t\t\t\t\t\t\t\t\t\t\t<img decoding=\"async\" src=\"https:\/\/otttanak.com\/wp-content\/uploads\/2024\/03\/OT_T-shirt-2024_FRONT_V2-1024x1024.jpg\" alt=\"Children T-shirt 2024\"\/>                              \n\t\t\t\t\t\t\t\t\t\t<\/a>\n\t\t\t\t\t\t\t\t\t\n\t\t\t\t\t\t\t\t<\/div>\n\n\t\t\t\t\t\t\t\t\n\t\t\t\t\t\t\t\t<div class=\"wl-ssl-product-details\">\n\n\t\t\t\t\t\t\t\t\t\n\t\t\t\t\t\t\t\t\t<div class=\"wl-ssl-product-info\">\n\n\t\t\t\t\t\t\t\t\t\t\t\t\t\t\t\t\t\t\t\t\t<div class=\"wl-ssl-product-name\"><a class=\"wl-gradient-heading\" href=\"https:\/\/otttanak.com\/en\/product\/children-t-shirt-2024\/\">Children T-shirt 2024<\/a><\/div>\n\t\t\t\t\t\t\t\t\t\t\n\t\t\t\t\t\t\t\t\t\t\n\t\t\t\t\t\t\t\t\t<\/div>\n\t\t\t\t\t\t\t\t\t\t\t\t\t\t\t\t\t\t<div class=\"wl-ssl-info-icons\">\n\t\t\t\t\t\t\t\t\t\t<div class=\"wl-ssl-price\">\n\t\t\t\t\t\t\t\t\t\t\t<h2 class=\"price\"><span class=\"woocommerce-Price-amount amount\">25.00&nbsp;<span class=\"woocommerce-Price-currencySymbol\">&euro;<\/span><\/span><\/h2>\n\t\t\t\t\t\t\t\t\t\t<\/div>\n\n\t\t\t\t\t\t\t\t\t\t\t\t\t\t\t\t\t\t\t<\/div>\n\t\t\t\t\t\t\t\t<\/div>\n\t\t\t\t\t\t\t\t<\/div>\n\t\t\t\t\t\t\t\t\t\t\t\t\t<\/div>\n\n\t\t\t\t\t\t\t\t\t\t\t<div class=\"wl-ssl-single-product product wl-ssl-left\">\n\t\t\t\t\t\t\t\t\t\t\t\t\t\t\t<div class=\"wl-ssl-single-widget\">\n\n\t\t\t\t\t\t\t\n\t\t\t\t\t\t\t\t<div class=\"wl-ssl-product-img\">\n\n\t\t\t\t\t\t\t\t\t\t\t\t\t\t\t\t\t\t\t<a href=\"https:\/\/otttanak.com\/en\/product\/8-cap\/\">\n\t\t\t\t\t\t\t\t\t\t\t<img decoding=\"async\" src=\"https:\/\/otttanak.com\/wp-content\/uploads\/2024\/06\/OT-nokamuts_1-1024x1024.jpg\" alt=\"#8 Cap\"\/>                              \n\t\t\t\t\t\t\t\t\t\t<\/a>\n\t\t\t\t\t\t\t\t\t\n\t\t\t\t\t\t\t\t<\/div>\n\n\t\t\t\t\t\t\t\t\n\t\t\t\t\t\t\t\t<div class=\"wl-ssl-product-details\">\n\n\t\t\t\t\t\t\t\t\t\n\t\t\t\t\t\t\t\t\t<div class=\"wl-ssl-product-info\">\n\n\t\t\t\t\t\t\t\t\t\t\t\t\t\t\t\t\t\t\t\t\t<div class=\"wl-ssl-product-name\"><a class=\"wl-gradient-heading\" href=\"https:\/\/otttanak.com\/en\/product\/8-cap\/\">#8 Cap<\/a><\/div>\n\t\t\t\t\t\t\t\t\t\t\n\t\t\t\t\t\t\t\t\t\t\n\t\t\t\t\t\t\t\t\t<\/div>\n\t\t\t\t\t\t\t\t\t\t\t\t\t\t\t\t\t\t<div class=\"wl-ssl-info-icons\">\n\t\t\t\t\t\t\t\t\t\t<div class=\"wl-ssl-price\">\n\t\t\t\t\t\t\t\t\t\t\t<h2 class=\"price\"><span class=\"woocommerce-Price-amount amount\">30.00&nbsp;<span class=\"woocommerce-Price-currencySymbol\">&euro;<\/span><\/span><\/h2>\n\t\t\t\t\t\t\t\t\t\t<\/div>\n\n\t\t\t\t\t\t\t\t\t\t\t\t\t\t\t\t\t\t\t<\/div>\n\t\t\t\t\t\t\t\t<\/div>\n\t\t\t\t\t\t\t\t<\/div>\n\t\t\t\t\t\t\t\t\t\t\t\t\t<\/div>\n\n\t\t\t\t\t\t\t\t\t\t\t<div class=\"wl-ssl-single-product product wl-ssl-left\">\n\t\t\t\t\t\t\t\t\t\t\t\t\t\t\t<div class=\"wl-ssl-single-widget\">\n\n\t\t\t\t\t\t\t\n\t\t\t\t\t\t\t\t<div class=\"wl-ssl-product-img\">\n\n\t\t\t\t\t\t\t\t\t\t\t\t\t\t\t\t\t\t\t<a href=\"https:\/\/otttanak.com\/en\/product\/32021\/\">\n\t\t\t\t\t\t\t\t\t\t\t<img decoding=\"async\" src=\"https:\/\/otttanak.com\/wp-content\/uploads\/2024\/11\/OT_Mini-Helmet-2024_3-1024x1024.jpg\" alt=\"OT Mini-Helmet 2024 edition\"\/>                              \n\t\t\t\t\t\t\t\t\t\t<\/a>\n\t\t\t\t\t\t\t\t\t\n\t\t\t\t\t\t\t\t<\/div>\n\n\t\t\t\t\t\t\t\t\n\t\t\t\t\t\t\t\t<div class=\"wl-ssl-product-details\">\n\n\t\t\t\t\t\t\t\t\t\n\t\t\t\t\t\t\t\t\t<div class=\"wl-ssl-product-info\">\n\n\t\t\t\t\t\t\t\t\t\t\t\t\t\t\t\t\t\t\t\t\t<div class=\"wl-ssl-product-name\"><a class=\"wl-gradient-heading\" href=\"https:\/\/otttanak.com\/en\/product\/32021\/\">OT Mini-Helmet 2024 edition<\/a><\/div>\n\t\t\t\t\t\t\t\t\t\t\n\t\t\t\t\t\t\t\t\t\t\n\t\t\t\t\t\t\t\t\t<\/div>\n\t\t\t\t\t\t\t\t\t\t\t\t\t\t\t\t\t\t<div class=\"wl-ssl-info-icons\">\n\t\t\t\t\t\t\t\t\t\t<div class=\"wl-ssl-price\">\n\t\t\t\t\t\t\t\t\t\t\t<h2 class=\"price\"><span class=\"woocommerce-Price-amount amount\">185.00&nbsp;<span class=\"woocommerce-Price-currencySymbol\">&euro;<\/span><\/span><\/h2>\n\t\t\t\t\t\t\t\t\t\t<\/div>\n\n\t\t\t\t\t\t\t\t\t\t\t\t\t\t\t\t\t\t\t<\/div>\n\t\t\t\t\t\t\t\t<\/div>\n\t\t\t\t\t\t\t\t<\/div>\n\t\t\t\t\t\t\t\t\t\t\t\t\t<\/div>\n\n\t\t\t\t\t\t\t<\/div>\n\t<\/div>\n\t<\/div>\n\n<script type=\"text\/javascript\">\n\tjQuery(function($){\n\t\t\n\t\tvar config\t\t\t\t= {\"autoplay\":\"yes\",\"autoplay_speed\":3000,\"animation_speed\":300,\"infinite_loop\":true,\"navigation\":\"none\",\"slides_show\":3,\"slides_show_mobile\":1,\"slides_show_tablet\":3,\"slider_alignment\":\"false\",\"arrow_icon_left\":null,\"arrow_icon_right\":null};\n\t\tvar $loop\t\t\t\t= config.infinite_loop ? true : false;\n\t\tvar $autoplay\t\t\t= config.autoplay ? true : false;\n\t\tvar $slider_alignment\t= config.slider_alignment == 'true' ? true : false;\n\n\t\tif ( 'none' == config.navigation ) {\n\t\t\t$arrows = false;\n\t\t\t$dots \t= false;\n\t\t}\n\t\telse if( 'arrow' == config.navigation ) {\n\t\t\t$arrows = true;\n\t\t\t$dots \t= false;\n\t\t}\n\t\telse if( 'dots' == config.navigation ) {\n\t\t\t$arrows = false;\n\t\t\t$dots \t= true;\n\t\t}\n\t\telse {\n\t\t\t$arrows = true;\n\t\t\t$dots \t= true;\n\t\t}\n\n\t\tif ( config.arrow_icon_left ) {\n\t\t\tvar $prevArrow = '<button type=\"button\" class=\"slick-prev\"><i class=\"'+ config.arrow_icon_left.value +'\"><\/i><\/button>'\n\t\t} else {\n\t\t\tvar $prevArrow = false\n\t\t}\n\n\t\tif ( config.arrow_icon_right ) {\n\t\t\tvar $nextArrow = '<button type=\"button\" class=\"slick-next\"><i class=\"'+ config.arrow_icon_right.value +'\"><\/i><\/button>'\n\t\t} else {\n\t\t\tvar $nextArrow = false\n\t\t}\n\n\t\t$('.wl-ssl-slick-0f84208' ).slick({\n\t\t\t\tinfinite: $loop,\n\t\t\t\tautoplay: $autoplay,\n\t\t\t\tautoplaySpeed: config.autoplay_speed,\n\t\t\t\tspeed: config.animation_speed,\n\t\t\t\tslidesToShow: parseInt(config.slides_show),\n\t\t\t\tslidesToScroll: parseInt(config.slides_show),\n\t\t\t\tarrows: $arrows,\n\t\t\t\tdots: $dots,\n\t\t\t\tvertical: $slider_alignment,\n\t\t\tprevArrow: $prevArrow,\n\t\t\tnextArrow: $nextArrow,\n\n\t\t\tresponsive: [\n\t\t\t{\n\t\t\t\tbreakpoint: 1024,\n\t\t\t\tsettings: {\n\t\t\t\tslidesToShow: parseInt(config.slides_show),\n\t\t\t\tslidesToScroll: parseInt(config.slides_show),\n\t\t\t\t}\n\t\t\t},\n\t\t\t{\n\t\t\t\tbreakpoint: 769,\n\t\t\t\tsettings: {\n\t\t\t\tslidesToShow: parseInt(config.slides_show_tablet),\n\t\t\t\tslidesToScroll: parseInt(config.slides_show_tablet),\n\t\t\t\t}\n\t\t\t},\n\t\t\t{\n\t\t\t\tbreakpoint: 480,\n\t\t\t\tsettings: {\n\t\t\t\tslidesToShow: parseInt(config.slides_show_mobile),\n\t\t\t\tslidesToScroll: parseInt(config.slides_show_mobile),\n\t\t\t\t}\n\t\t\t}\n\t\t\t]\n\t\t});\n\t})\n<\/script>\t\t<\/div>\n\n\t\t\t\t\t\t<\/div>\n\t\t\t\t<\/div>\n\t\t\t\t\t<\/div>\n\t\t<\/div>\n\t\t\t\t\t<\/div>\n\t\t<\/section>\n\t\t\t\t<\/div>\n\t\t","protected":false},"excerpt":{"rendered":"<p>FAN MERCHANDISE Meeste T-s\u00e4rk 2024 25.00&nbsp;&euro; Naiste T-s\u00e4rk 2024 25.00&nbsp;&euro; Laste T-s\u00e4rk 2024 25.00&nbsp;&euro; #8 Nokam\u00fcts 30.00&nbsp;&euro; OT Mini-kiiver 2024 185.00&nbsp;&euro;<\/p>\n","protected":false},"author":2,"featured_media":0,"parent":0,"menu_order":0,"comment_status":"closed","ping_status":"closed","template":"","meta":{"_monsterinsights_skip_tracking":false,"_monsterinsights_sitenote_active":false,"_monsterinsights_sitenote_note":"","_monsterinsights_sitenote_category":0,"site-sidebar-layout":"no-sidebar","site-content-layout":"page-builder","ast-site-content-layout":"full-width-container","site-content-style":"unboxed","site-sidebar-style":"unboxed","ast-global-header-display":"","ast-banner-title-visibility":"","ast-main-header-display":"","ast-hfb-above-header-display":"","ast-hfb-below-header-display":"","ast-hfb-mobile-header-display":"","site-post-title":"","ast-breadcrumbs-content":"","ast-featured-img":"disabled","footer-sml-layout":"","ast-disable-related-posts":"","theme-transparent-header-meta":"","adv-header-id-meta":"","stick-header-meta":"","header-above-stick-meta":"","header-main-stick-meta":"","header-below-stick-meta":"","astra-migrate-meta-layouts":"default","ast-page-background-enabled":"default","ast-page-background-meta":{"desktop":{"background-color":"","background-image":"","background-repeat":"repeat","background-position":"center center","background-size":"auto","background-attachment":"scroll","background-type":"","background-media":"","overlay-type":"","overlay-color":"","overlay-opacity":"","overlay-gradient":""},"tablet":{"background-color":"","background-image":"","background-repeat":"repeat","background-position":"center center","background-size":"auto","background-attachment":"scroll","background-type":"","background-media":"","overlay-type":"","overlay-color":"","overlay-opacity":"","overlay-gradient":""},"mobile":{"background-color":"","background-image":"","background-repeat":"repeat","background-position":"center center","background-size":"auto","background-attachment":"scroll","background-type":"","background-media":"","overlay-type":"","overlay-color":"","overlay-opacity":"","overlay-gradient":""}},"ast-content-background-meta":{"desktop":{"background-color":"var(--ast-global-color-5)","background-image":"","background-repeat":"repeat","background-position":"center center","background-size":"auto","background-attachment":"scroll","background-type":"","background-media":"","overlay-type":"","overlay-color":"","overlay-opacity":"","overlay-gradient":""},"tablet":{"background-color":"var(--ast-global-color-5)","background-image":"","background-repeat":"repeat","background-position":"center center","background-size":"auto","background-attachment":"scroll","background-type":"","background-media":"","overlay-type":"","overlay-color":"","overlay-opacity":"","overlay-gradient":""},"mobile":{"background-color":"var(--ast-global-color-5)","background-image":"","background-repeat":"repeat","background-position":"center center","background-size":"auto","background-attachment":"scroll","background-type":"","background-media":"","overlay-type":"","overlay-color":"","overlay-opacity":"","overlay-gradient":""}},"footnotes":""},"class_list":["post-27637","page","type-page","status-publish","hentry","desktop-align-left","tablet-align-left","mobile-align-left","ast-product-gallery-layout-horizontal-slider","ast-magnify-disabled","ast-product-tabs-layout-horizontal"],"aioseo_notices":[],"_links":{"self":[{"href":"https:\/\/otttanak.com\/en\/wp-json\/wp\/v2\/pages\/27637","targetHints":{"allow":["GET"]}}],"collection":[{"href":"https:\/\/otttanak.com\/en\/wp-json\/wp\/v2\/pages"}],"about":[{"href":"https:\/\/otttanak.com\/en\/wp-json\/wp\/v2\/types\/page"}],"author":[{"embeddable":true,"href":"https:\/\/otttanak.com\/en\/wp-json\/wp\/v2\/users\/2"}],"replies":[{"embeddable":true,"href":"https:\/\/otttanak.com\/en\/wp-json\/wp\/v2\/comments?post=27637"}],"version-history":[{"count":7,"href":"https:\/\/otttanak.com\/en\/wp-json\/wp\/v2\/pages\/27637\/revisions"}],"predecessor-version":[{"id":33109,"href":"https:\/\/otttanak.com\/en\/wp-json\/wp\/v2\/pages\/27637\/revisions\/33109"}],"wp:attachment":[{"href":"https:\/\/otttanak.com\/en\/wp-json\/wp\/v2\/media?parent=27637"}],"curies":[{"name":"wp","href":"https:\/\/api.w.org\/{rel}","templated":true}]}}